{"id":446,"date":"2023-06-27T20:03:11","date_gmt":"2023-06-27T20:03:11","guid":{"rendered":"https:\/\/www.fuldawetter.de\/?page_id=446"},"modified":"2023-06-28T15:17:41","modified_gmt":"2023-06-28T15:17:41","slug":"was-ist-der-transpirationindex","status":"publish","type":"page","link":"https:\/\/www.fuldawetter.de\/index.php\/was-ist-der-transpirationindex\/","title":{"rendered":"Was ist der TranspirationIndex?"},"content":{"rendered":"\n<div class=\"wp-block-columns is-layout-flex wp-container-core-columns-is-layout-9d6595d7 wp-block-columns-is-layout-flex\">\n<div class=\"wp-block-column is-layout-flow wp-block-column-is-layout-flow\">\n<p>Der TranspirationIndex zeigt auf einer Skala von 0 bis 5 das Potential der menschlichen Transpiration. Bei 0 ist die Lage also nicht schwei\u00dftreibend, w\u00e4hrend bei 5 starke Schwei\u00dfausbr\u00fcche sehr wahrscheinlich sind.<\/p>\n<\/div>\n\n\n\n<div class=\"wp-block-column is-layout-flow wp-block-column-is-layout-flow\">\n<p><strong>0<\/strong>   Keine Transpiration<\/p>\n\n\n\n<p><strong>1<\/strong>   Kaum Transpiration<\/p>\n\n\n\n<p><strong>2<\/strong>   Leichtes Schwitzen (m\u00f6glich)<\/p>\n\n\n\n<p><strong>3<\/strong>  M\u00e4\u00dfige Schwei\u00dfausbr\u00fcche<\/p>\n\n\n\n<p><strong>4<\/strong>   Dauerhaftes und intensives Schwitzen<\/p>\n\n\n\n<p><strong>5<\/strong>   Dauerhafte und durchweg intensive Schwei\u00dfausbr\u00fcche<\/p>\n<\/div>\n<\/div>\n","protected":false},"excerpt":{"rendered":"<p>Der TranspirationIndex zeigt auf einer Skala von 0 bis 5 das Potential der menschlichen Transpiration. Bei 0 ist die Lage also nicht schwei\u00dftreibend, w\u00e4hrend bei 5 starke Schwei\u00dfausbr\u00fcche sehr wahrscheinlich sind. 0 Keine Transpiration 1 Kaum Transpiration 2 Leichtes Schwitzen (m\u00f6glich) 3 M\u00e4\u00dfige Schwei\u00dfausbr\u00fcche 4 Dauerhaftes und intensives Schwitzen 5 Dauerhafte und durchweg intensive Schwei\u00dfausbr\u00fcche<\/p>\n","protected":false},"author":1,"featured_media":0,"parent":0,"menu_order":0,"comment_status":"closed","ping_status":"closed","template":"","meta":{"inline_featured_image":false,"footnotes":""},"class_list":["post-446","page","type-page","status-publish"],"yoast_head":"<!-- This site is optimized with the Yoast SEO plugin v26.2 - https:\/\/yoast.com\/wordpress\/plugins\/seo\/ -->\n<title>Was ist der TranspirationIndex? - fuldawetter.de<\/title>\n<meta name=\"robots\" content=\"index, follow, max-snippet:-1, max-image-preview:large, max-video-preview:-1\" \/>\n<link rel=\"canonical\" href=\"https:\/\/www.fuldawetter.de\/index.php\/was-ist-der-transpirationindex\/\" \/>\n<meta property=\"og:locale\" content=\"de_DE\" \/>\n<meta property=\"og:type\" content=\"article\" \/>\n<meta property=\"og:title\" content=\"Was ist der TranspirationIndex? - fuldawetter.de\" \/>\n<meta property=\"og:description\" content=\"Der TranspirationIndex zeigt auf einer Skala von 0 bis 5 das Potential der menschlichen Transpiration. Bei 0 ist die Lage also nicht schwei\u00dftreibend, w\u00e4hrend bei 5 starke Schwei\u00dfausbr\u00fcche sehr wahrscheinlich sind. 0 Keine Transpiration 1 Kaum Transpiration 2 Leichtes Schwitzen (m\u00f6glich) 3 M\u00e4\u00dfige Schwei\u00dfausbr\u00fcche 4 Dauerhaftes und intensives Schwitzen 5 Dauerhafte und durchweg intensive Schwei\u00dfausbr\u00fcche\" \/>\n<meta property=\"og:url\" content=\"https:\/\/www.fuldawetter.de\/index.php\/was-ist-der-transpirationindex\/\" \/>\n<meta property=\"og:site_name\" content=\"fuldawetter.de\" \/>\n<meta property=\"article:modified_time\" content=\"2023-06-28T15:17:41+00:00\" \/>\n<meta name=\"twitter:card\" content=\"summary_large_image\" \/>\n<meta name=\"twitter:label1\" content=\"Gesch\u00e4tzte Lesezeit\" \/>\n\t<meta name=\"twitter:data1\" content=\"1\u00a0Minute\" \/>\n<script type=\"application\/ld+json\" class=\"yoast-schema-graph\">{\"@context\":\"https:\/\/schema.org\",\"@graph\":[{\"@type\":\"WebPage\",\"@id\":\"https:\/\/www.fuldawetter.de\/index.php\/was-ist-der-transpirationindex\/\",\"url\":\"https:\/\/www.fuldawetter.de\/index.php\/was-ist-der-transpirationindex\/\",\"name\":\"Was ist der TranspirationIndex? - fuldawetter.de\",\"isPartOf\":{\"@id\":\"https:\/\/www.fuldawetter.de\/#website\"},\"datePublished\":\"2023-06-27T20:03:11+00:00\",\"dateModified\":\"2023-06-28T15:17:41+00:00\",\"breadcrumb\":{\"@id\":\"https:\/\/www.fuldawetter.de\/index.php\/was-ist-der-transpirationindex\/#breadcrumb\"},\"inLanguage\":\"de\",\"potentialAction\":[{\"@type\":\"ReadAction\",\"target\":[\"https:\/\/www.fuldawetter.de\/index.php\/was-ist-der-transpirationindex\/\"]}]},{\"@type\":\"BreadcrumbList\",\"@id\":\"https:\/\/www.fuldawetter.de\/index.php\/was-ist-der-transpirationindex\/#breadcrumb\",\"itemListElement\":[{\"@type\":\"ListItem\",\"position\":1,\"name\":\"Startseite\",\"item\":\"https:\/\/www.fuldawetter.de\/\"},{\"@type\":\"ListItem\",\"position\":2,\"name\":\"Was ist der TranspirationIndex?\"}]},{\"@type\":\"WebSite\",\"@id\":\"https:\/\/www.fuldawetter.de\/#website\",\"url\":\"https:\/\/www.fuldawetter.de\/\",\"name\":\"fuldawetter.de\",\"description\":\"Wetter f\u00fcr das Fuldaer Land\",\"publisher\":{\"@id\":\"https:\/\/www.fuldawetter.de\/#organization\"},\"potentialAction\":[{\"@type\":\"SearchAction\",\"target\":{\"@type\":\"EntryPoint\",\"urlTemplate\":\"https:\/\/www.fuldawetter.de\/?s={search_term_string}\"},\"query-input\":{\"@type\":\"PropertyValueSpecification\",\"valueRequired\":true,\"valueName\":\"search_term_string\"}}],\"inLanguage\":\"de\"},{\"@type\":\"Organization\",\"@id\":\"https:\/\/www.fuldawetter.de\/#organization\",\"name\":\"fuldawetter.de\",\"url\":\"https:\/\/www.fuldawetter.de\/\",\"logo\":{\"@type\":\"ImageObject\",\"inLanguage\":\"de\",\"@id\":\"https:\/\/www.fuldawetter.de\/#\/schema\/logo\/image\/\",\"url\":\"https:\/\/www.fuldawetter.de\/wp-content\/uploads\/2023\/04\/Logo_negativ_slogan.png\",\"contentUrl\":\"https:\/\/www.fuldawetter.de\/wp-content\/uploads\/2023\/04\/Logo_negativ_slogan.png\",\"width\":2000,\"height\":670,\"caption\":\"fuldawetter.de\"},\"image\":{\"@id\":\"https:\/\/www.fuldawetter.de\/#\/schema\/logo\/image\/\"}}]}<\/script>\n<!-- \/ Yoast SEO plugin. -->","yoast_head_json":{"title":"Was ist der TranspirationIndex? - fuldawetter.de","robots":{"index":"index","follow":"follow","max-snippet":"max-snippet:-1","max-image-preview":"max-image-preview:large","max-video-preview":"max-video-preview:-1"},"canonical":"https:\/\/www.fuldawetter.de\/index.php\/was-ist-der-transpirationindex\/","og_locale":"de_DE","og_type":"article","og_title":"Was ist der TranspirationIndex? - fuldawetter.de","og_description":"Der TranspirationIndex zeigt auf einer Skala von 0 bis 5 das Potential der menschlichen Transpiration. Bei 0 ist die Lage also nicht schwei\u00dftreibend, w\u00e4hrend bei 5 starke Schwei\u00dfausbr\u00fcche sehr wahrscheinlich sind. 0 Keine Transpiration 1 Kaum Transpiration 2 Leichtes Schwitzen (m\u00f6glich) 3 M\u00e4\u00dfige Schwei\u00dfausbr\u00fcche 4 Dauerhaftes und intensives Schwitzen 5 Dauerhafte und durchweg intensive Schwei\u00dfausbr\u00fcche","og_url":"https:\/\/www.fuldawetter.de\/index.php\/was-ist-der-transpirationindex\/","og_site_name":"fuldawetter.de","article_modified_time":"2023-06-28T15:17:41+00:00","twitter_card":"summary_large_image","twitter_misc":{"Gesch\u00e4tzte Lesezeit":"1\u00a0Minute"},"schema":{"@context":"https:\/\/schema.org","@graph":[{"@type":"WebPage","@id":"https:\/\/www.fuldawetter.de\/index.php\/was-ist-der-transpirationindex\/","url":"https:\/\/www.fuldawetter.de\/index.php\/was-ist-der-transpirationindex\/","name":"Was ist der TranspirationIndex? - fuldawetter.de","isPartOf":{"@id":"https:\/\/www.fuldawetter.de\/#website"},"datePublished":"2023-06-27T20:03:11+00:00","dateModified":"2023-06-28T15:17:41+00:00","breadcrumb":{"@id":"https:\/\/www.fuldawetter.de\/index.php\/was-ist-der-transpirationindex\/#breadcrumb"},"inLanguage":"de","potentialAction":[{"@type":"ReadAction","target":["https:\/\/www.fuldawetter.de\/index.php\/was-ist-der-transpirationindex\/"]}]},{"@type":"BreadcrumbList","@id":"https:\/\/www.fuldawetter.de\/index.php\/was-ist-der-transpirationindex\/#breadcrumb","itemListElement":[{"@type":"ListItem","position":1,"name":"Startseite","item":"https:\/\/www.fuldawetter.de\/"},{"@type":"ListItem","position":2,"name":"Was ist der TranspirationIndex?"}]},{"@type":"WebSite","@id":"https:\/\/www.fuldawetter.de\/#website","url":"https:\/\/www.fuldawetter.de\/","name":"fuldawetter.de","description":"Wetter f\u00fcr das Fuldaer Land","publisher":{"@id":"https:\/\/www.fuldawetter.de\/#organization"},"potentialAction":[{"@type":"SearchAction","target":{"@type":"EntryPoint","urlTemplate":"https:\/\/www.fuldawetter.de\/?s={search_term_string}"},"query-input":{"@type":"PropertyValueSpecification","valueRequired":true,"valueName":"search_term_string"}}],"inLanguage":"de"},{"@type":"Organization","@id":"https:\/\/www.fuldawetter.de\/#organization","name":"fuldawetter.de","url":"https:\/\/www.fuldawetter.de\/","logo":{"@type":"ImageObject","inLanguage":"de","@id":"https:\/\/www.fuldawetter.de\/#\/schema\/logo\/image\/","url":"https:\/\/www.fuldawetter.de\/wp-content\/uploads\/2023\/04\/Logo_negativ_slogan.png","contentUrl":"https:\/\/www.fuldawetter.de\/wp-content\/uploads\/2023\/04\/Logo_negativ_slogan.png","width":2000,"height":670,"caption":"fuldawetter.de"},"image":{"@id":"https:\/\/www.fuldawetter.de\/#\/schema\/logo\/image\/"}}]}},"_links":{"self":[{"href":"https:\/\/www.fuldawetter.de\/index.php\/wp-json\/wp\/v2\/pages\/446","targetHints":{"allow":["GET"]}}],"collection":[{"href":"https:\/\/www.fuldawetter.de\/index.php\/wp-json\/wp\/v2\/pages"}],"about":[{"href":"https:\/\/www.fuldawetter.de\/index.php\/wp-json\/wp\/v2\/types\/page"}],"author":[{"embeddable":true,"href":"https:\/\/www.fuldawetter.de\/index.php\/wp-json\/wp\/v2\/users\/1"}],"replies":[{"embeddable":true,"href":"https:\/\/www.fuldawetter.de\/index.php\/wp-json\/wp\/v2\/comments?post=446"}],"version-history":[{"count":4,"href":"https:\/\/www.fuldawetter.de\/index.php\/wp-json\/wp\/v2\/pages\/446\/revisions"}],"predecessor-version":[{"id":453,"href":"https:\/\/www.fuldawetter.de\/index.php\/wp-json\/wp\/v2\/pages\/446\/revisions\/453"}],"wp:attachment":[{"href":"https:\/\/www.fuldawetter.de\/index.php\/wp-json\/wp\/v2\/media?parent=446"}],"curies":[{"name":"wp","href":"https:\/\/api.w.org\/{rel}","templated":true}]}}